{"id":3267,"date":"2024-09-27T22:33:01","date_gmt":"2024-09-27T22:33:01","guid":{"rendered":"https:\/\/gsmhn.com\/?post_type=product&#038;p=3267"},"modified":"2025-04-12T10:55:38","modified_gmt":"2025-04-12T10:55:38","slug":"cerave-sa-limpiador-anti-rugosidades","status":"publish","type":"product","link":"https:\/\/gsmhn.com\/?product=cerave-sa-limpiador-anti-rugosidades","title":{"rendered":"Cerave SA Limpiador Anti-rugosidades"},"content":{"rendered":"<p>Cerave SA Limpiador Anti-rugosidades<\/p>\n<p class=\"product-details__main-benefit\">Gel limpiador espumoso con \u00e1cido salic\u00edlico para una piel suave<\/p>\n<div class=\"product-details__description\">\n<p class=\"product-details__description\">El SA Limpiador Anti-rugosidades de CeraVe \u00a0est\u00e1 formulado para exfoliar, suavizar y limpiar de forma eficaz la piel seca, irregular y rugosa sin alterar la barrera de la piel.<\/p>\n<p>Dise\u00f1ado para mejorar la textura de la piel gracias al \u00e1cido salic\u00edlico, este gel limpiador en espuma de textura refrescante elimina la suciedad, la grasa y exfolia la piel. Las tres ceramidas esenciales de CeraVe ayudan a mantener su barrera protectora y la niacinamida aporta sensaci\u00f3n de confort. F\u00f3rmula hipoalerg\u00e9nica, sin perfume, sin exfoliantes mec\u00e1nicos y es no comedog\u00e9nico.<\/p>\n<\/div>\n<p>&nbsp;<\/p>\n","protected":false},"excerpt":{"rendered":"<p>Cerave SA Limpiador Anti-rugosidades<\/p>\n","protected":false},"featured_media":3268,"comment_status":"open","ping_status":"closed","template":"","meta":[],"product_brand":[],"product_cat":[100],"product_tag":[],"class_list":{"0":"post-3267","1":"product","2":"type-product","3":"status-publish","4":"has-post-thumbnail","6":"product_cat-skincare","8":"first","9":"instock","10":"sale","11":"shipping-taxable","12":"purchasable","13":"product-type-simple"},"_links":{"self":[{"href":"https:\/\/gsmhn.com\/index.php?rest_route=\/wp\/v2\/product\/3267","targetHints":{"allow":["GET"]}}],"collection":[{"href":"https:\/\/gsmhn.com\/index.php?rest_route=\/wp\/v2\/product"}],"about":[{"href":"https:\/\/gsmhn.com\/index.php?rest_route=\/wp\/v2\/types\/product"}],"replies":[{"embeddable":true,"href":"https:\/\/gsmhn.com\/index.php?rest_route=%2Fwp%2Fv2%2Fcomments&post=3267"}],"wp:featuredmedia":[{"embeddable":true,"href":"https:\/\/gsmhn.com\/index.php?rest_route=\/wp\/v2\/media\/3268"}],"wp:attachment":[{"href":"https:\/\/gsmhn.com\/index.php?rest_route=%2Fwp%2Fv2%2Fmedia&parent=3267"}],"wp:term":[{"taxonomy":"product_brand","embeddable":true,"href":"https:\/\/gsmhn.com\/index.php?rest_route=%2Fwp%2Fv2%2Fproduct_brand&post=3267"},{"taxonomy":"product_cat","embeddable":true,"href":"https:\/\/gsmhn.com\/index.php?rest_route=%2Fwp%2Fv2%2Fproduct_cat&post=3267"},{"taxonomy":"product_tag","embeddable":true,"href":"https:\/\/gsmhn.com\/index.php?rest_route=%2Fwp%2Fv2%2Fproduct_tag&post=3267"}],"curies":[{"name":"wp","href":"https:\/\/api.w.org\/{rel}","templated":true}]}}