{"id":3265,"date":"2024-09-27T19:17:51","date_gmt":"2024-09-27T19:17:51","guid":{"rendered":"https:\/\/gsmhn.com\/?post_type=product&#038;p=3265"},"modified":"2025-04-12T10:55:55","modified_gmt":"2025-04-12T10:55:55","slug":"cerave-locion-hidratante-para-rostro-y-cuerpo","status":"publish","type":"product","link":"https:\/\/gsmhn.com\/?product=cerave-locion-hidratante-para-rostro-y-cuerpo","title":{"rendered":"Cerave Loci\u00f3n Hidratante para rostro y cuerpo"},"content":{"rendered":"<p>Cerave Loci\u00f3n Hidratante para rostro y cuerpo<\/p>\n<p class=\"product-details__tagline\"><strong>Piel seca a muy seca\u00a0<span class=\"product-details__main-attribute\">LIGERA<\/span><\/strong><\/p>\n<div data-tag-product-identifier=\"\" data-tag-product-currency=\"EUR\" data-tag-product-name=\"Loci\u00f3n Hidratante\" data-tag-product-id=\"3606000537743\" data-eans=\"3606000537743\" data-tag-product-price=\"none\" data-tag-product-variant=\"236 ml\" data-tag-product-category=\"skincare-bodycaring\" data-tag-product-brand=\"CER\" data-tag-product-dimension35=\"236 ml\" data-tag-product-dimension38=\"4.9\" data-tag-product-dimension39=\"in stock\" data-tag-product-dimension48=\"3606000537743\" data-tag-product-dimension59=\"89\" data-tag-product-metric5=\"0\">\n<p class=\"product-details__main-benefit\">Loci\u00f3n Hidratante para rostro y cuerpo<\/p>\n<div class=\"product-details__description\">\n<p class=\"product-details__description\">La Loci\u00f3n Hidratante para uso diario de CeraVe ayuda a hidratar y a restaurar la barrera protectora de la piel. Deja una sensaci\u00f3n de confort y suavidad, mientras que es ligera y no contiene aceites. Formulada con 3 ceramidas esenciales y \u00c1cido Hialur\u00f3nico, tambi\u00e9n cuenta con la Tecnolog\u00eda patentada MVE que brinda una hidrataci\u00f3n durante 24 horas. Es no comedog\u00e9nica, es decir, no obstruye los poros. Aceptada por la Asociaci\u00f3n Nacional del eczema estadounidense.<\/p>\n<\/div>\n<\/div>\n","protected":false},"excerpt":{"rendered":"<p>Cerave Loci\u00f3n Hidratante para rostro y cuerpo<\/p>\n","protected":false},"featured_media":3266,"comment_status":"open","ping_status":"closed","template":"","meta":[],"product_brand":[],"product_cat":[100],"product_tag":[],"class_list":{"0":"post-3265","1":"product","2":"type-product","3":"status-publish","4":"has-post-thumbnail","6":"product_cat-skincare","8":"first","9":"instock","10":"sale","11":"shipping-taxable","12":"purchasable","13":"product-type-simple"},"_links":{"self":[{"href":"https:\/\/gsmhn.com\/index.php?rest_route=\/wp\/v2\/product\/3265","targetHints":{"allow":["GET"]}}],"collection":[{"href":"https:\/\/gsmhn.com\/index.php?rest_route=\/wp\/v2\/product"}],"about":[{"href":"https:\/\/gsmhn.com\/index.php?rest_route=\/wp\/v2\/types\/product"}],"replies":[{"embeddable":true,"href":"https:\/\/gsmhn.com\/index.php?rest_route=%2Fwp%2Fv2%2Fcomments&post=3265"}],"wp:featuredmedia":[{"embeddable":true,"href":"https:\/\/gsmhn.com\/index.php?rest_route=\/wp\/v2\/media\/3266"}],"wp:attachment":[{"href":"https:\/\/gsmhn.com\/index.php?rest_route=%2Fwp%2Fv2%2Fmedia&parent=3265"}],"wp:term":[{"taxonomy":"product_brand","embeddable":true,"href":"https:\/\/gsmhn.com\/index.php?rest_route=%2Fwp%2Fv2%2Fproduct_brand&post=3265"},{"taxonomy":"product_cat","embeddable":true,"href":"https:\/\/gsmhn.com\/index.php?rest_route=%2Fwp%2Fv2%2Fproduct_cat&post=3265"},{"taxonomy":"product_tag","embeddable":true,"href":"https:\/\/gsmhn.com\/index.php?rest_route=%2Fwp%2Fv2%2Fproduct_tag&post=3265"}],"curies":[{"name":"wp","href":"https:\/\/api.w.org\/{rel}","templated":true}]}}