{"id":3263,"date":"2024-09-27T18:45:22","date_gmt":"2024-09-27T18:45:22","guid":{"rendered":"https:\/\/gsmhn.com\/?post_type=product&#038;p=3263"},"modified":"2025-04-12T10:56:07","modified_gmt":"2025-04-12T10:56:07","slug":"cerave-limpiador-facial-hidratante","status":"publish","type":"product","link":"https:\/\/gsmhn.com\/?product=cerave-limpiador-facial-hidratante","title":{"rendered":"Cerave Limpiador facial hidratante"},"content":{"rendered":"<p>Cerave Limpiador facial hidratante<\/p>\n<p class=\"product-details__main-benefit\">Limpiador hidratante para pieles normales a secas<\/p>\n<div class=\"product-details__description\">\n<p class=\"product-details__description\">Un limpiador puede eliminar la suciedad, el maquillaje y otros residuos, pero un limpiador hidratante, como el Limpiador facial hidratante CeraVe, puede hacer todo eso sin alterar la barrera protectora natural de la piel ni despojarla de su humedad natural. Creado por dermat\u00f3logos, el Limpiador facial hidratante CeraVe es un suave gel para limpiar el rostro con ingredientes como las ceramidas y el \u00e1cido hialur\u00f3nico que restauran la barrera natural de la piel para ayudarla a retener la humedad. El Limpiador hidratante CeraVe ha sido dise\u00f1ado para limpiar y refrescar la piel sin restregarla en exceso ni dejarla tirante y seca. Con tres ceramidas esenciales para restaurar la barrera de la piel, \u00e1cido hialur\u00f3nico para hidratar la piel y la tecnolog\u00eda MVE Delivery Technology para suministrar a la piel un flujo constante de nutrientes, este limpiador facial no comedog\u00e9nico es una forma eficaz y no irritante de comenzar cualquier r\u00e9gimen de cuidado de la piel. Ideal para pieles normales a secas.<\/p>\n<\/div>\n","protected":false},"excerpt":{"rendered":"<p>Cerave Limpiador facial hidratante<\/p>\n","protected":false},"featured_media":3264,"comment_status":"open","ping_status":"closed","template":"","meta":[],"product_brand":[],"product_cat":[100],"product_tag":[],"class_list":{"0":"post-3263","1":"product","2":"type-product","3":"status-publish","4":"has-post-thumbnail","6":"product_cat-skincare","8":"first","9":"instock","10":"sale","11":"shipping-taxable","12":"purchasable","13":"product-type-simple"},"_links":{"self":[{"href":"https:\/\/gsmhn.com\/index.php?rest_route=\/wp\/v2\/product\/3263","targetHints":{"allow":["GET"]}}],"collection":[{"href":"https:\/\/gsmhn.com\/index.php?rest_route=\/wp\/v2\/product"}],"about":[{"href":"https:\/\/gsmhn.com\/index.php?rest_route=\/wp\/v2\/types\/product"}],"replies":[{"embeddable":true,"href":"https:\/\/gsmhn.com\/index.php?rest_route=%2Fwp%2Fv2%2Fcomments&post=3263"}],"wp:featuredmedia":[{"embeddable":true,"href":"https:\/\/gsmhn.com\/index.php?rest_route=\/wp\/v2\/media\/3264"}],"wp:attachment":[{"href":"https:\/\/gsmhn.com\/index.php?rest_route=%2Fwp%2Fv2%2Fmedia&parent=3263"}],"wp:term":[{"taxonomy":"product_brand","embeddable":true,"href":"https:\/\/gsmhn.com\/index.php?rest_route=%2Fwp%2Fv2%2Fproduct_brand&post=3263"},{"taxonomy":"product_cat","embeddable":true,"href":"https:\/\/gsmhn.com\/index.php?rest_route=%2Fwp%2Fv2%2Fproduct_cat&post=3263"},{"taxonomy":"product_tag","embeddable":true,"href":"https:\/\/gsmhn.com\/index.php?rest_route=%2Fwp%2Fv2%2Fproduct_tag&post=3263"}],"curies":[{"name":"wp","href":"https:\/\/api.w.org\/{rel}","templated":true}]}}