{"id":3261,"date":"2024-09-27T18:35:41","date_gmt":"2024-09-27T18:35:41","guid":{"rendered":"https:\/\/gsmhn.com\/?post_type=product&#038;p=3261"},"modified":"2025-04-12T10:56:17","modified_gmt":"2025-04-12T10:56:17","slug":"cerave-gel-limpiador-espumoso-para-pieles-normales-a-grasas","status":"publish","type":"product","link":"https:\/\/gsmhn.com\/?product=cerave-gel-limpiador-espumoso-para-pieles-normales-a-grasas","title":{"rendered":"cerave  gel limpiador espumoso para pieles normales a grasas"},"content":{"rendered":"<p class=\"product-details__main-benefit\">Gel limpiador espumoso para pieles normales a grasas<\/p>\n<div class=\"product-details__description\">Un limpiador facial espumoso es ideal para eliminar el exceso de grasa, suciedad y maquillaje, y elegir uno que sea suave, que no altere la barrera protectora natural de la piel y que contenga ingredientes que ayuden a mantener el equilibrio de la hidrataci\u00f3n puede marcar la diferencia. El Limpiador facial espumoso CeraVe contiene ceramidas, \u00e1cido hialur\u00f3nico y niacinamida para ayudar a restaurar la barrera de la piel, atraer la hidrataci\u00f3n y calmar la piel. El Limpiador facial espumoso CeraVe ha sido desarrollado con dermat\u00f3logos para limpiar en profundidad, eliminar el exceso de grasa y refrescar la piel sin restregarla en exceso ni dejarla tirante y seca. Con tres ceramidas esenciales, \u00e1cido hialur\u00f3nico y niacinamida, este limpiador espumoso a base de gel es una forma eficaz y no irritante de limpiar y cuidar su piel normal a grasa.<\/div>\n","protected":false},"excerpt":{"rendered":"<p>cerave gel limpiador espumoso para pieles normales a grasas<\/p>\n","protected":false},"featured_media":3262,"comment_status":"open","ping_status":"closed","template":"","meta":[],"product_brand":[],"product_cat":[100],"product_tag":[],"class_list":{"0":"post-3261","1":"product","2":"type-product","3":"status-publish","4":"has-post-thumbnail","6":"product_cat-skincare","8":"first","9":"instock","10":"sale","11":"shipping-taxable","12":"purchasable","13":"product-type-simple"},"_links":{"self":[{"href":"https:\/\/gsmhn.com\/index.php?rest_route=\/wp\/v2\/product\/3261","targetHints":{"allow":["GET"]}}],"collection":[{"href":"https:\/\/gsmhn.com\/index.php?rest_route=\/wp\/v2\/product"}],"about":[{"href":"https:\/\/gsmhn.com\/index.php?rest_route=\/wp\/v2\/types\/product"}],"replies":[{"embeddable":true,"href":"https:\/\/gsmhn.com\/index.php?rest_route=%2Fwp%2Fv2%2Fcomments&post=3261"}],"wp:featuredmedia":[{"embeddable":true,"href":"https:\/\/gsmhn.com\/index.php?rest_route=\/wp\/v2\/media\/3262"}],"wp:attachment":[{"href":"https:\/\/gsmhn.com\/index.php?rest_route=%2Fwp%2Fv2%2Fmedia&parent=3261"}],"wp:term":[{"taxonomy":"product_brand","embeddable":true,"href":"https:\/\/gsmhn.com\/index.php?rest_route=%2Fwp%2Fv2%2Fproduct_brand&post=3261"},{"taxonomy":"product_cat","embeddable":true,"href":"https:\/\/gsmhn.com\/index.php?rest_route=%2Fwp%2Fv2%2Fproduct_cat&post=3261"},{"taxonomy":"product_tag","embeddable":true,"href":"https:\/\/gsmhn.com\/index.php?rest_route=%2Fwp%2Fv2%2Fproduct_tag&post=3261"}],"curies":[{"name":"wp","href":"https:\/\/api.w.org\/{rel}","templated":true}]}}