{"id":3167,"date":"2023-12-03T17:59:49","date_gmt":"2023-12-03T17:59:49","guid":{"rendered":"https:\/\/gsmhn.com\/?post_type=product&#038;p=3167"},"modified":"2025-11-29T18:42:15","modified_gmt":"2025-11-29T18:42:15","slug":"vitamina-c","status":"publish","type":"product","link":"https:\/\/gsmhn.com\/?product=vitamina-c","title":{"rendered":"Crema a base de Arroz BIOAQUA"},"content":{"rendered":"<p>El utilizar una crema hidratante diariamente en las noche en el rostro, ayuda a darle un aspecto mas brillante y sano a la piel ya que proporciona agua a las c\u00e9lulas de la piel, nutri\u00e9ndola en profundidad y protegi\u00e9ndola de los agentes externos como los cambios de temperatura, el viento o la contaminaci\u00f3n.<\/p>\n<ul>\n<li>Cuidado de la piel.<\/li>\n<li>Hidrata profundamente.<\/li>\n<li>El extracto de arroz le brinda a la piel un brillo natural.<\/li>\n<\/ul>\n","protected":false},"excerpt":{"rendered":"<p>El utilizar una crema hidratante diariamente en las noche en el rostro, ayuda a darle un aspecto mas brillante y sano a la piel ya que proporciona agua a las c\u00e9lulas de la piel, nutri\u00e9ndola en profundidad y protegi\u00e9ndola de los agentes externos como los cambios de temperatura, el viento o la contaminaci\u00f3n. Cuidado de [&hellip;]<\/p>\n","protected":false},"featured_media":3180,"comment_status":"open","ping_status":"closed","template":"","meta":[],"product_brand":[],"product_cat":[100],"product_tag":[],"class_list":{"0":"post-3167","1":"product","2":"type-product","3":"status-publish","4":"has-post-thumbnail","6":"product_cat-skincare","8":"first","9":"outofstock","10":"sale","11":"shipping-taxable","12":"purchasable","13":"product-type-simple"},"_links":{"self":[{"href":"https:\/\/gsmhn.com\/index.php?rest_route=\/wp\/v2\/product\/3167","targetHints":{"allow":["GET"]}}],"collection":[{"href":"https:\/\/gsmhn.com\/index.php?rest_route=\/wp\/v2\/product"}],"about":[{"href":"https:\/\/gsmhn.com\/index.php?rest_route=\/wp\/v2\/types\/product"}],"replies":[{"embeddable":true,"href":"https:\/\/gsmhn.com\/index.php?rest_route=%2Fwp%2Fv2%2Fcomments&post=3167"}],"wp:featuredmedia":[{"embeddable":true,"href":"https:\/\/gsmhn.com\/index.php?rest_route=\/wp\/v2\/media\/3180"}],"wp:attachment":[{"href":"https:\/\/gsmhn.com\/index.php?rest_route=%2Fwp%2Fv2%2Fmedia&parent=3167"}],"wp:term":[{"taxonomy":"product_brand","embeddable":true,"href":"https:\/\/gsmhn.com\/index.php?rest_route=%2Fwp%2Fv2%2Fproduct_brand&post=3167"},{"taxonomy":"product_cat","embeddable":true,"href":"https:\/\/gsmhn.com\/index.php?rest_route=%2Fwp%2Fv2%2Fproduct_cat&post=3167"},{"taxonomy":"product_tag","embeddable":true,"href":"https:\/\/gsmhn.com\/index.php?rest_route=%2Fwp%2Fv2%2Fproduct_tag&post=3167"}],"curies":[{"name":"wp","href":"https:\/\/api.w.org\/{rel}","templated":true}]}}