{"id":3123,"date":"2023-12-02T16:11:06","date_gmt":"2023-12-02T16:11:06","guid":{"rendered":"https:\/\/gsmhn.com\/?post_type=product&#038;p=3123"},"modified":"2025-04-12T10:57:37","modified_gmt":"2025-04-12T10:57:37","slug":"solucion-exfoliante-the-ordinary-suero-piel-secas","status":"publish","type":"product","link":"https:\/\/gsmhn.com\/?product=solucion-exfoliante-the-ordinary-suero-piel-secas","title":{"rendered":"Ordinary Suero piel secas AHA 30% BHA 2%"},"content":{"rendered":"<ul class=\"a-unordered-list a-vertical a-spacing-mini\">\n<li><strong>Ordinary Suero piel secas AHA 20% BHA 2%<\/strong><br \/>\nThe Ordinary ofrece una exfoliaci\u00f3n m\u00e1s profunda para ayudar a combatir los signos de congesti\u00f3n de los poros y mejorar la luminosidad de la piel.<\/li>\n<li>La f\u00f3rmula tambi\u00e9n mejora la apariencia de la textura de la piel y reduce la apariencia de l\u00edneas finas.<\/li>\n<li>Beneficios: Se enfoca en irregularidades de textura, signos de congesti\u00f3n, tono de piel desigual y signos de envejecimiento.<\/li>\n<li class=\"a-spacing-mini\"><\/li>\n<\/ul>\n","protected":false},"excerpt":{"rendered":"<ul class=\"a-unordered-list a-vertical a-spacing-mini\">\n<li><strong>Ordinary Suero piel secas AHA 20% BHA 2%<\/strong><\/li>\n<\/ul>\n","protected":false},"featured_media":3132,"comment_status":"open","ping_status":"closed","template":"","meta":[],"product_brand":[],"product_cat":[100],"product_tag":[],"class_list":{"0":"post-3123","1":"product","2":"type-product","3":"status-publish","4":"has-post-thumbnail","6":"product_cat-skincare","8":"first","9":"instock","10":"sale","11":"shipping-taxable","12":"purchasable","13":"product-type-simple"},"_links":{"self":[{"href":"https:\/\/gsmhn.com\/index.php?rest_route=\/wp\/v2\/product\/3123","targetHints":{"allow":["GET"]}}],"collection":[{"href":"https:\/\/gsmhn.com\/index.php?rest_route=\/wp\/v2\/product"}],"about":[{"href":"https:\/\/gsmhn.com\/index.php?rest_route=\/wp\/v2\/types\/product"}],"replies":[{"embeddable":true,"href":"https:\/\/gsmhn.com\/index.php?rest_route=%2Fwp%2Fv2%2Fcomments&post=3123"}],"wp:featuredmedia":[{"embeddable":true,"href":"https:\/\/gsmhn.com\/index.php?rest_route=\/wp\/v2\/media\/3132"}],"wp:attachment":[{"href":"https:\/\/gsmhn.com\/index.php?rest_route=%2Fwp%2Fv2%2Fmedia&parent=3123"}],"wp:term":[{"taxonomy":"product_brand","embeddable":true,"href":"https:\/\/gsmhn.com\/index.php?rest_route=%2Fwp%2Fv2%2Fproduct_brand&post=3123"},{"taxonomy":"product_cat","embeddable":true,"href":"https:\/\/gsmhn.com\/index.php?rest_route=%2Fwp%2Fv2%2Fproduct_cat&post=3123"},{"taxonomy":"product_tag","embeddable":true,"href":"https:\/\/gsmhn.com\/index.php?rest_route=%2Fwp%2Fv2%2Fproduct_tag&post=3123"}],"curies":[{"name":"wp","href":"https:\/\/api.w.org\/{rel}","templated":true}]}}