{"id":3117,"date":"2023-12-02T16:07:14","date_gmt":"2023-12-02T16:07:14","guid":{"rendered":"https:\/\/gsmhn.com\/?post_type=product&#038;p=3117"},"modified":"2025-11-29T18:43:35","modified_gmt":"2025-11-29T18:43:35","slug":"the-ordinaryniacinamida-10-zinc-1","status":"publish","type":"product","link":"https:\/\/gsmhn.com\/?product=the-ordinaryniacinamida-10-zinc-1","title":{"rendered":"Ordinary,niacinamida 10% + zinc 1%"},"content":{"rendered":"<div id=\"featurebullets_feature_div\" class=\"celwidget\" data-feature-name=\"featurebullets\" data-csa-c-type=\"widget\" data-csa-c-content-id=\"featurebullets\" data-csa-c-slot-id=\"featurebullets_feature_div\" data-csa-c-asin=\"B07VVRXFWC\" data-csa-c-is-in-initial-active-row=\"false\" data-csa-c-id=\"mviine-lahyrb-mteizd-bio0pf\" data-cel-widget=\"featurebullets_feature_div\">\n<div id=\"feature-bullets\" class=\"a-section a-spacing-medium a-spacing-top-small\">\n<ul class=\"a-unordered-list a-vertical a-spacing-mini\">\n<li class=\"a-spacing-mini\"><span class=\"a-list-item\">Este producto puede mejorar eficazmente los defectos de la piel, reparar la piel enrojecida, incluso los poros \u00e1speros, equilibrar la secreci\u00f3n de aceite, reducir la luz del aceite facial y crear una piel suave y brillante para ti<\/span><\/li>\n<li class=\"a-spacing-mini\"><span class=\"a-list-item\">F\u00f3rmula de vitaminas y minerales de alta resistencia<\/span><\/li>\n<li class=\"a-spacing-mini\"><span class=\"a-list-item\">Regula visiblemente el sebo equilibrando la actividad del sebo visible y minimiza los poros<\/span><\/li>\n<li class=\"a-spacing-mini\"><span class=\"a-list-item\">Aplicar sobre la cara ma\u00f1ana y noche antes de cremas m\u00e1s pesadas<\/span><\/li>\n<\/ul>\n<\/div>\n<\/div>\n<div id=\"provenanceCertifications_feature_div\" class=\"celwidget\" data-feature-name=\"provenanceCertifications\" data-csa-c-type=\"widget\" data-csa-c-content-id=\"provenanceCertifications\" data-csa-c-slot-id=\"provenanceCertifications_feature_div\" data-csa-c-asin=\"B07VVRXFWC\" data-csa-c-is-in-initial-active-row=\"false\" data-csa-c-id=\"xoztvf-oft91t-fspxvw-eint0r\" data-cel-widget=\"provenanceCertifications_feature_div\">\n<div id=\"provenance-certifications\" class=\"a-section a-spacing-medium a-spacing-top-micro\"><\/div>\n<\/div>\n","protected":false},"excerpt":{"rendered":"<p>Este producto puede mejorar eficazmente los defectos de la piel, reparar la piel enrojecida, incluso los poros \u00e1speros, equilibrar la secreci\u00f3n de aceite, reducir la luz del aceite facial y crear una piel suave y brillante para ti F\u00f3rmula de vitaminas y minerales de alta resistencia Regula visiblemente el sebo equilibrando la actividad del sebo [&hellip;]<\/p>\n","protected":false},"featured_media":3133,"comment_status":"open","ping_status":"closed","template":"","meta":[],"product_brand":[],"product_cat":[100],"product_tag":[],"class_list":{"0":"post-3117","1":"product","2":"type-product","3":"status-publish","4":"has-post-thumbnail","6":"product_cat-skincare","8":"first","9":"outofstock","10":"sale","11":"shipping-taxable","12":"purchasable","13":"product-type-simple"},"_links":{"self":[{"href":"https:\/\/gsmhn.com\/index.php?rest_route=\/wp\/v2\/product\/3117","targetHints":{"allow":["GET"]}}],"collection":[{"href":"https:\/\/gsmhn.com\/index.php?rest_route=\/wp\/v2\/product"}],"about":[{"href":"https:\/\/gsmhn.com\/index.php?rest_route=\/wp\/v2\/types\/product"}],"replies":[{"embeddable":true,"href":"https:\/\/gsmhn.com\/index.php?rest_route=%2Fwp%2Fv2%2Fcomments&post=3117"}],"wp:featuredmedia":[{"embeddable":true,"href":"https:\/\/gsmhn.com\/index.php?rest_route=\/wp\/v2\/media\/3133"}],"wp:attachment":[{"href":"https:\/\/gsmhn.com\/index.php?rest_route=%2Fwp%2Fv2%2Fmedia&parent=3117"}],"wp:term":[{"taxonomy":"product_brand","embeddable":true,"href":"https:\/\/gsmhn.com\/index.php?rest_route=%2Fwp%2Fv2%2Fproduct_brand&post=3117"},{"taxonomy":"product_cat","embeddable":true,"href":"https:\/\/gsmhn.com\/index.php?rest_route=%2Fwp%2Fv2%2Fproduct_cat&post=3117"},{"taxonomy":"product_tag","embeddable":true,"href":"https:\/\/gsmhn.com\/index.php?rest_route=%2Fwp%2Fv2%2Fproduct_tag&post=3117"}],"curies":[{"name":"wp","href":"https:\/\/api.w.org\/{rel}","templated":true}]}}