{"id":3010,"date":"2023-10-06T00:07:38","date_gmt":"2023-10-06T00:07:38","guid":{"rendered":"https:\/\/gsmhn.com\/?post_type=product&#038;p=3010"},"modified":"2024-11-30T16:31:58","modified_gmt":"2024-11-30T16:31:58","slug":"loncheras-termicas-para-nino-diseno-de-sony","status":"publish","type":"product","link":"https:\/\/gsmhn.com\/?product=loncheras-termicas-para-nino-diseno-de-sony","title":{"rendered":"Loncheras t\u00e9rmicas para ni\u00f1o dise\u00f1o de Sony`"},"content":{"rendered":"<p>Loncheras t\u00e9rmicas para ni\u00f1o dise\u00f1o de Sony<\/p>\n","protected":false},"excerpt":{"rendered":"<p>Loncheras t\u00e9rmicas para ni\u00f1o dise\u00f1o de Sony<\/p>\n","protected":false},"featured_media":3012,"comment_status":"open","ping_status":"closed","template":"","meta":[],"product_brand":[],"product_cat":[91],"product_tag":[],"class_list":{"0":"post-3010","1":"product","2":"type-product","3":"status-publish","4":"has-post-thumbnail","6":"product_cat-loncheras","8":"first","9":"outofstock","10":"sale","11":"shipping-taxable","12":"purchasable","13":"product-type-simple"},"_links":{"self":[{"href":"https:\/\/gsmhn.com\/index.php?rest_route=\/wp\/v2\/product\/3010","targetHints":{"allow":["GET"]}}],"collection":[{"href":"https:\/\/gsmhn.com\/index.php?rest_route=\/wp\/v2\/product"}],"about":[{"href":"https:\/\/gsmhn.com\/index.php?rest_route=\/wp\/v2\/types\/product"}],"replies":[{"embeddable":true,"href":"https:\/\/gsmhn.com\/index.php?rest_route=%2Fwp%2Fv2%2Fcomments&post=3010"}],"wp:featuredmedia":[{"embeddable":true,"href":"https:\/\/gsmhn.com\/index.php?rest_route=\/wp\/v2\/media\/3012"}],"wp:attachment":[{"href":"https:\/\/gsmhn.com\/index.php?rest_route=%2Fwp%2Fv2%2Fmedia&parent=3010"}],"wp:term":[{"taxonomy":"product_brand","embeddable":true,"href":"https:\/\/gsmhn.com\/index.php?rest_route=%2Fwp%2Fv2%2Fproduct_brand&post=3010"},{"taxonomy":"product_cat","embeddable":true,"href":"https:\/\/gsmhn.com\/index.php?rest_route=%2Fwp%2Fv2%2Fproduct_cat&post=3010"},{"taxonomy":"product_tag","embeddable":true,"href":"https:\/\/gsmhn.com\/index.php?rest_route=%2Fwp%2Fv2%2Fproduct_tag&post=3010"}],"curies":[{"name":"wp","href":"https:\/\/api.w.org\/{rel}","templated":true}]}}