{"id":2690,"date":"2023-09-03T03:07:40","date_gmt":"2023-09-03T03:07:40","guid":{"rendered":"https:\/\/gsmhn.com\/?post_type=product&#038;p=2690"},"modified":"2024-11-30T16:15:58","modified_gmt":"2024-11-30T16:15:58","slug":"el-cobertor-de-silicona-honor-x6-rosado","status":"publish","type":"product","link":"https:\/\/gsmhn.com\/?product=el-cobertor-de-silicona-honor-x6-rosado","title":{"rendered":"Cobertor de Silicona Honor x6 Rosado suave"},"content":{"rendered":"<p><strong><span style=\"color: #008080;\">Cobertor de Silicona Honor x6 Rosado suave<\/span><\/strong><\/p>\n<p>Esta hecho de silicona l\u00edquida de alta calidad, siendo muy agradable al tacto. En su interior tiene una estera de microfibra suave, elimina cualquier desgaste que pueda ocurrir en las esquinas de tu tel\u00e9fono, previniendo todo tipo de rayones, Su material interno es hecho de gamuza, le dar\u00e1 mucha seguridad a tu tel\u00e9fono para sus ca\u00eddas o golpes leves. Al mismo tiempo le dar\u00e1s un toque de personalidad gracias a sus hermosos colores, manejamos referencias y colores variados, solo para ti.<\/p>\n","protected":false},"excerpt":{"rendered":"<p><strong><span style=\"color: #008080;\">Cobertor de Silicona Honor x6 Rosado suave<\/span><\/strong><\/p>\n","protected":false},"featured_media":2691,"comment_status":"open","ping_status":"closed","template":"","meta":[],"product_brand":[],"product_cat":[56],"product_tag":[],"class_list":{"0":"post-2690","1":"product","2":"type-product","3":"status-publish","4":"has-post-thumbnail","6":"product_cat-cobertores","8":"first","9":"instock","10":"sale","11":"shipping-taxable","12":"purchasable","13":"product-type-simple"},"_links":{"self":[{"href":"https:\/\/gsmhn.com\/index.php?rest_route=\/wp\/v2\/product\/2690","targetHints":{"allow":["GET"]}}],"collection":[{"href":"https:\/\/gsmhn.com\/index.php?rest_route=\/wp\/v2\/product"}],"about":[{"href":"https:\/\/gsmhn.com\/index.php?rest_route=\/wp\/v2\/types\/product"}],"replies":[{"embeddable":true,"href":"https:\/\/gsmhn.com\/index.php?rest_route=%2Fwp%2Fv2%2Fcomments&post=2690"}],"wp:featuredmedia":[{"embeddable":true,"href":"https:\/\/gsmhn.com\/index.php?rest_route=\/wp\/v2\/media\/2691"}],"wp:attachment":[{"href":"https:\/\/gsmhn.com\/index.php?rest_route=%2Fwp%2Fv2%2Fmedia&parent=2690"}],"wp:term":[{"taxonomy":"product_brand","embeddable":true,"href":"https:\/\/gsmhn.com\/index.php?rest_route=%2Fwp%2Fv2%2Fproduct_brand&post=2690"},{"taxonomy":"product_cat","embeddable":true,"href":"https:\/\/gsmhn.com\/index.php?rest_route=%2Fwp%2Fv2%2Fproduct_cat&post=2690"},{"taxonomy":"product_tag","embeddable":true,"href":"https:\/\/gsmhn.com\/index.php?rest_route=%2Fwp%2Fv2%2Fproduct_tag&post=2690"}],"curies":[{"name":"wp","href":"https:\/\/api.w.org\/{rel}","templated":true}]}}