{"id":2296,"date":"2023-03-25T21:50:43","date_gmt":"2023-03-25T21:50:43","guid":{"rendered":"https:\/\/gsmhn.com\/?post_type=product&#038;p=2296"},"modified":"2024-11-30T16:32:35","modified_gmt":"2024-11-30T16:32:35","slug":"auriculares-inalambricos-con-pantalla-lcd-powerbank-de-m22","status":"publish","type":"product","link":"https:\/\/gsmhn.com\/?product=auriculares-inalambricos-con-pantalla-lcd-powerbank-de-m22","title":{"rendered":"Auriculares inal\u00e1mbricos con pantalla LCD Powerbank de M22"},"content":{"rendered":"<div class=\"sr-proMainInfo-baseInfo-name\">\n<h1 class=\"sr-proMainInfo-baseInfoH1 J-baseInfo-name\" data-prod-tag=\"\">Auriculares inal\u00e1mbricos con pantalla LCD Powerbank de M22<\/h1>\n<\/div>\n<div class=\"sr-proMainInfo-baseInfo-property\">\n<div class=\"baseInfo-price-related\">\n<div class=\"swiper-proMainInfo-baseInfo-propertyGetPrice-container\">\n<div class=\"first-container\">\n<div><span data-spm-anchor-id=\"a2g0o.detail.1000023.i1.1eee2f07LCB6tm\">1.Digital y resistente al agua: est\u00e1 dise\u00f1ado con una pantalla que puede mostrar la cantidad de electricidad, conveniente para cargar a tiempo. Y los auriculares son resistentes al agua , puedes usarlos sin preocuparte por el sudor al hacer deporte.<\/span><\/div>\n<div><\/div>\n<div>2.Recargable y port\u00e1til: equipada hace que sea f\u00e1cil de cargar la bater\u00eda integrada, y los auriculares se pueden utilizar durante mucho tiempo despu\u00e9s de cargarse completamente, el estuche de carga se puede aplicar aproximadamente 40 veces.<\/div>\n<div><\/div>\n<div>3.Puedes llevar los auriculares sin ocupar mucho espacio.<\/div>\n<div>4. Manos libres: los auriculares est\u00e1n dise\u00f1ados con un micr\u00f3fono para que puedas responder<\/div>\n<div>llamadas f\u00e1cilmente, liberando tus manos y asegurando tu seguridad, soporta llamadas y control por voz.<\/div>\n<div>5.Cancelaci\u00f3n de ruido: puedes usar los dos auriculares por separado, proporcion\u00e1ndote un sonido est\u00e9reo de 360 \u00b0 porque puede reducir el ruido de manera efectiva, d\u00e1ndote una buena experiencia auditiva.<\/div>\n<div>6.Baja latencia: los auriculares inal\u00e1mbricos adoptan la tecnolog\u00eda V5.1 compatible con bluetooth, asegurando una conexi\u00f3n estable y una transferencia conveniente, funcionan con buen rendimiento.<\/div>\n<div>Especificaci\u00f3n:<br \/>\nMaterial: ABS<br \/>\nColor: Negro<br \/>\nTama\u00f1o: Estuche de carga: aprox. \u00a18*8CM\/3.15&#215;3.15inch!<br \/>\nCompatible con Bluetooth: V5.1.<br \/>\nAuriculares altavoz: \u03c6 aprox. 8mm\/0,31 pulgadas.<br \/>\nBater\u00eda de auriculares: 50mAh.<br \/>\n<span data-spm-anchor-id=\"a2g0o.detail.1000023.i2.1eee2f07LCB6tm\">Bater\u00eda del estuche de carga: 2000mAh.<\/span><br \/>\nDistancia de transferencia: \u2264 10m.<br \/>\nTiempo de llamada: alrededor de 4h.<br \/>\nTiempo de carga: 1-2h.<br \/>\nPuerto de carga: Tipo C.<br \/>\nNota:<br \/>\nDebido a la luz y a la diferencia de pantalla, el color del art\u00edculo puede ser ligeramente diferente al de las im\u00e1genes.<br \/>\nPermita una ligera desviaci\u00f3n en los datos de medici\u00f3n y aseg\u00farese de que no le importe antes de realizar el pedido.<br \/>\nEl paquete incluye:<br \/>\n1 par de auriculares (con 1 estuche de carga, 1 Presentaci\u00f3n, 1 Cable USB).<\/div>\n<\/div>\n<\/div>\n<\/div>\n<\/div>\n","protected":false},"excerpt":{"rendered":"<p>Auriculares inal\u00e1mbricos con pantalla LCD Powerbank de M22 1.Digital y resistente al agua: est\u00e1 dise\u00f1ado con una pantalla que puede mostrar la cantidad de electricidad, conveniente para cargar a tiempo. Y los auriculares son resistentes al agua , puedes usarlos sin preocuparte por el sudor al hacer deporte. 2.Recargable y port\u00e1til: equipada hace que sea [&hellip;]<\/p>\n","protected":false},"featured_media":2342,"comment_status":"open","ping_status":"closed","template":"","meta":[],"product_brand":[],"product_cat":[19],"product_tag":[],"class_list":{"0":"post-2296","1":"product","2":"type-product","3":"status-publish","4":"has-post-thumbnail","6":"product_cat-manos-libres-inalambricos","8":"first","9":"outofstock","10":"sale","11":"shipping-taxable","12":"purchasable","13":"product-type-simple"},"_links":{"self":[{"href":"https:\/\/gsmhn.com\/index.php?rest_route=\/wp\/v2\/product\/2296","targetHints":{"allow":["GET"]}}],"collection":[{"href":"https:\/\/gsmhn.com\/index.php?rest_route=\/wp\/v2\/product"}],"about":[{"href":"https:\/\/gsmhn.com\/index.php?rest_route=\/wp\/v2\/types\/product"}],"replies":[{"embeddable":true,"href":"https:\/\/gsmhn.com\/index.php?rest_route=%2Fwp%2Fv2%2Fcomments&post=2296"}],"wp:featuredmedia":[{"embeddable":true,"href":"https:\/\/gsmhn.com\/index.php?rest_route=\/wp\/v2\/media\/2342"}],"wp:attachment":[{"href":"https:\/\/gsmhn.com\/index.php?rest_route=%2Fwp%2Fv2%2Fmedia&parent=2296"}],"wp:term":[{"taxonomy":"product_brand","embeddable":true,"href":"https:\/\/gsmhn.com\/index.php?rest_route=%2Fwp%2Fv2%2Fproduct_brand&post=2296"},{"taxonomy":"product_cat","embeddable":true,"href":"https:\/\/gsmhn.com\/index.php?rest_route=%2Fwp%2Fv2%2Fproduct_cat&post=2296"},{"taxonomy":"product_tag","embeddable":true,"href":"https:\/\/gsmhn.com\/index.php?rest_route=%2Fwp%2Fv2%2Fproduct_tag&post=2296"}],"curies":[{"name":"wp","href":"https:\/\/api.w.org\/{rel}","templated":true}]}}