{"id":2269,"date":"2023-03-08T06:40:35","date_gmt":"2023-03-08T06:40:35","guid":{"rendered":"https:\/\/gsmhn.com\/?post_type=product&#038;p=2269"},"modified":"2025-04-12T10:48:45","modified_gmt":"2025-04-12T10:48:45","slug":"pina-original-iphone-20w","status":"publish","type":"product","link":"https:\/\/gsmhn.com\/?product=pina-original-iphone-20w","title":{"rendered":"Cargador cargador  Alta calidad  para  IPhone 20W completo base + cable"},"content":{"rendered":"<h1>cargador cargador Alta calidad para IPhone 20W completo base + cable<\/h1>\n<p><strong><span data-spm-anchor-id=\"a2g0o.detail.1000023.i0.7e262d103jL6xb\">Especificaciones:<\/span><\/strong><\/p>\n<ul class=\"a-unordered-list a-vertical a-spacing-mini\">\n<li>Cargador 20W especial para iphone X \/ iphone 11\/ iphone 12 \/ iphone 12 pro \/ Iphone 12 pro max, Ipads etc.<\/li>\n<li><span class=\"a-list-item\">El adaptador de alimentaci\u00f3n USB C de 20 W de Apple ofrece una carga r\u00e1pida y eficiente en casa, en la oficina o de viaje.<\/span><\/li>\n<li><span class=\"a-list-item\">Mientras que el adaptador de corriente es compatible con cualquier dispositivo habilitado para USB\u2010C, Apple recomienda emparejarlo con el iPad Pro de 11 pulgadas y el iPad Pro de 12.9 pulgadas (3\u00aa generaci\u00f3n) para un rendimiento de carga \u00f3ptimo.<\/span><\/li>\n<li><span class=\"a-list-item\">Tambi\u00e9n puedes emparejarlo con el iPhone 8 o posterior para aprovechar la funci\u00f3n de carga r\u00e1pida.<\/span><\/li>\n<li><span class=\"a-list-item\">El cable de carga se vende por separado.<\/span><\/li>\n<\/ul>\n<p>&nbsp;<\/p>\n","protected":false},"excerpt":{"rendered":"<p><span style=\"color: #008000;\"><strong>cargador cargador Alta calidad para IPhone 20W completo base + cable<\/strong><\/span><\/p>\n","protected":false},"featured_media":3269,"comment_status":"open","ping_status":"closed","template":"","meta":[],"product_brand":[],"product_cat":[87],"product_tag":[],"class_list":{"0":"post-2269","1":"product","2":"type-product","3":"status-publish","4":"has-post-thumbnail","6":"product_cat-cargadores","8":"first","9":"outofstock","10":"sale","11":"shipping-taxable","12":"purchasable","13":"product-type-simple"},"_links":{"self":[{"href":"https:\/\/gsmhn.com\/index.php?rest_route=\/wp\/v2\/product\/2269","targetHints":{"allow":["GET"]}}],"collection":[{"href":"https:\/\/gsmhn.com\/index.php?rest_route=\/wp\/v2\/product"}],"about":[{"href":"https:\/\/gsmhn.com\/index.php?rest_route=\/wp\/v2\/types\/product"}],"replies":[{"embeddable":true,"href":"https:\/\/gsmhn.com\/index.php?rest_route=%2Fwp%2Fv2%2Fcomments&post=2269"}],"wp:featuredmedia":[{"embeddable":true,"href":"https:\/\/gsmhn.com\/index.php?rest_route=\/wp\/v2\/media\/3269"}],"wp:attachment":[{"href":"https:\/\/gsmhn.com\/index.php?rest_route=%2Fwp%2Fv2%2Fmedia&parent=2269"}],"wp:term":[{"taxonomy":"product_brand","embeddable":true,"href":"https:\/\/gsmhn.com\/index.php?rest_route=%2Fwp%2Fv2%2Fproduct_brand&post=2269"},{"taxonomy":"product_cat","embeddable":true,"href":"https:\/\/gsmhn.com\/index.php?rest_route=%2Fwp%2Fv2%2Fproduct_cat&post=2269"},{"taxonomy":"product_tag","embeddable":true,"href":"https:\/\/gsmhn.com\/index.php?rest_route=%2Fwp%2Fv2%2Fproduct_tag&post=2269"}],"curies":[{"name":"wp","href":"https:\/\/api.w.org\/{rel}","templated":true}]}}