{"id":2157,"date":"2023-02-17T17:33:07","date_gmt":"2023-02-17T17:33:07","guid":{"rendered":"https:\/\/gsmhn.com\/?post_type=product&#038;p=2157"},"modified":"2024-11-30T16:24:46","modified_gmt":"2024-11-30T16:24:46","slug":"auriculares-alambricos-d3-azules","status":"publish","type":"product","link":"https:\/\/gsmhn.com\/?product=auriculares-alambricos-d3-azules","title":{"rendered":"Auriculares al\u00e1mbricos D3 azules celebrat originales"},"content":{"rendered":"<h1>Auriculares al\u00e1mbricos D3 azules celebrat originales<\/h1>\n<p><span style=\"color: #333333;\">1. Para reducir la interferencia de ruido externo, se a\u00f1adieron tres filtros en el proceso de producci\u00f3n<\/span><span style=\"color: #333333;\">.<\/span><\/p>\n<p><span style=\"color: #333333;\">2. El cable est\u00e1 hecho de TPE, el cable es flexible y tiene una vida \u00fatil m\u00e1s larga<\/span><\/p>\n<p><span style=\"color: #333333;\">3. pin plateado, transmisi\u00f3n de se\u00f1al de sonido suave, resistencia a la corrosi\u00f3n, resistencia a la oxidaci\u00f3n y resistencia del enchufe en uso diario.<\/span><\/p>\n","protected":false},"excerpt":{"rendered":"<p><span style=\"color: #008080;\">Auriculares al\u00e1mbricos D3 Azules<\/span><\/p>\n","protected":false},"featured_media":2158,"comment_status":"open","ping_status":"closed","template":"","meta":[],"product_brand":[],"product_cat":[19],"product_tag":[],"class_list":{"0":"post-2157","1":"product","2":"type-product","3":"status-publish","4":"has-post-thumbnail","6":"product_cat-manos-libres-inalambricos","8":"first","9":"outofstock","10":"shipping-taxable","11":"product-type-simple"},"_links":{"self":[{"href":"https:\/\/gsmhn.com\/index.php?rest_route=\/wp\/v2\/product\/2157","targetHints":{"allow":["GET"]}}],"collection":[{"href":"https:\/\/gsmhn.com\/index.php?rest_route=\/wp\/v2\/product"}],"about":[{"href":"https:\/\/gsmhn.com\/index.php?rest_route=\/wp\/v2\/types\/product"}],"replies":[{"embeddable":true,"href":"https:\/\/gsmhn.com\/index.php?rest_route=%2Fwp%2Fv2%2Fcomments&post=2157"}],"wp:featuredmedia":[{"embeddable":true,"href":"https:\/\/gsmhn.com\/index.php?rest_route=\/wp\/v2\/media\/2158"}],"wp:attachment":[{"href":"https:\/\/gsmhn.com\/index.php?rest_route=%2Fwp%2Fv2%2Fmedia&parent=2157"}],"wp:term":[{"taxonomy":"product_brand","embeddable":true,"href":"https:\/\/gsmhn.com\/index.php?rest_route=%2Fwp%2Fv2%2Fproduct_brand&post=2157"},{"taxonomy":"product_cat","embeddable":true,"href":"https:\/\/gsmhn.com\/index.php?rest_route=%2Fwp%2Fv2%2Fproduct_cat&post=2157"},{"taxonomy":"product_tag","embeddable":true,"href":"https:\/\/gsmhn.com\/index.php?rest_route=%2Fwp%2Fv2%2Fproduct_tag&post=2157"}],"curies":[{"name":"wp","href":"https:\/\/api.w.org\/{rel}","templated":true}]}}