{"id":2127,"date":"2023-02-17T16:06:27","date_gmt":"2023-02-17T16:06:27","guid":{"rendered":"https:\/\/gsmhn.com\/?post_type=product&#038;p=2127"},"modified":"2025-04-12T10:52:31","modified_gmt":"2025-04-12T10:52:31","slug":"orejeras-inalambricas-a18-azul","status":"publish","type":"product","link":"https:\/\/gsmhn.com\/?product=orejeras-inalambricas-a18-azul","title":{"rendered":"Orejeras inal\u00e1mbricas A18-Azul celebrat originales"},"content":{"rendered":"<h1>Orejeras inal\u00e1mbricas A18-Azul celebrat originales<\/h1>\n<p>Auriculares Bluetooth Inal\u00e1mbricos, Con Almohadilla, Aislante de Ruido, Dise\u00f1o Escalable, 4 Botones de Funci\u00f3n f\u00e1cil de usar<\/p>\n<ul>\n<li>Interfaz de Audio de 3.5mm, que le permite cambiar entre Cable e Inal\u00e1mbrico<\/li>\n<li>Micr\u00f3fono Incluido de Alta Definici\u00f3n para hacer llamadas m\u00e1s Claras<\/li>\n<li>Bluetooth Versi\u00f3n 5.0<\/li>\n<li>Bater\u00eda de 8 Horas de Reproducci\u00f3n<\/li>\n<li>Entrada MicroUSB<\/li>\n<li>Respuesta de Frecuencia 20Hz-10Khz<\/li>\n<\/ul>\n","protected":false},"excerpt":{"rendered":"<p><span style=\"color: #008080;\">Orejeras inal\u00e1mbricas A18-Azul<\/span><\/p>\n","protected":false},"featured_media":2362,"comment_status":"open","ping_status":"closed","template":"","meta":[],"product_brand":[],"product_cat":[19],"product_tag":[],"class_list":{"0":"post-2127","1":"product","2":"type-product","3":"status-publish","4":"has-post-thumbnail","6":"product_cat-manos-libres-inalambricos","8":"first","9":"instock","10":"sale","11":"shipping-taxable","12":"purchasable","13":"product-type-simple"},"_links":{"self":[{"href":"https:\/\/gsmhn.com\/index.php?rest_route=\/wp\/v2\/product\/2127","targetHints":{"allow":["GET"]}}],"collection":[{"href":"https:\/\/gsmhn.com\/index.php?rest_route=\/wp\/v2\/product"}],"about":[{"href":"https:\/\/gsmhn.com\/index.php?rest_route=\/wp\/v2\/types\/product"}],"replies":[{"embeddable":true,"href":"https:\/\/gsmhn.com\/index.php?rest_route=%2Fwp%2Fv2%2Fcomments&post=2127"}],"wp:featuredmedia":[{"embeddable":true,"href":"https:\/\/gsmhn.com\/index.php?rest_route=\/wp\/v2\/media\/2362"}],"wp:attachment":[{"href":"https:\/\/gsmhn.com\/index.php?rest_route=%2Fwp%2Fv2%2Fmedia&parent=2127"}],"wp:term":[{"taxonomy":"product_brand","embeddable":true,"href":"https:\/\/gsmhn.com\/index.php?rest_route=%2Fwp%2Fv2%2Fproduct_brand&post=2127"},{"taxonomy":"product_cat","embeddable":true,"href":"https:\/\/gsmhn.com\/index.php?rest_route=%2Fwp%2Fv2%2Fproduct_cat&post=2127"},{"taxonomy":"product_tag","embeddable":true,"href":"https:\/\/gsmhn.com\/index.php?rest_route=%2Fwp%2Fv2%2Fproduct_tag&post=2127"}],"curies":[{"name":"wp","href":"https:\/\/api.w.org\/{rel}","templated":true}]}}